{"id":404,"date":"2025-06-15T21:11:01","date_gmt":"2025-06-15T21:11:01","guid":{"rendered":"https:\/\/comoacqua.it\/?page_id=404"},"modified":"2025-08-05T13:59:34","modified_gmt":"2025-08-05T13:59:34","slug":"budgets","status":"publish","type":"page","link":"https:\/\/comoacqua.it\/en\/bilanci\/","title":{"rendered":"Budgets"},"content":{"rendered":"<section class=\"acqua-breadcrumb style-1\">\r\n                            <img decoding=\"async\" src=\"https:\/\/comoacqua.it\/wp-content\/uploads\/2025\/06\/bilanci.jpg\" alt=\"\" \/>\r\n                <div class=\"container\">\r\n            <div class=\"row\">\r\n                <div class=\"col-sm-12 col-md-12 col-lg-12 col-xl-12 col-xxl-12\">\r\n                    <div class=\"breadcrumb-wrapper\">\r\n                        <div class=\"breadcrumbs\">\r\n                                                            <span property=\"itemListElement\" typeof=\"ListItem\"><a property=\"item\" typeof=\"WebPage\" title=\"Go to ComoAqua.\" href=\"https:\/\/comoacqua.it\/en\" class=\"home\" ><span property=\"name\">ComoAqua<\/span><\/a><meta property=\"position\" content=\"1\"><\/span> &gt; <span property=\"itemListElement\" typeof=\"ListItem\"><a property=\"item\" typeof=\"WebPage\" title=\"Go to Media.\" href=\"https:\/\/comoacqua.it\/en\/media\/\" class=\"post-root post post-post\" aria-current=\"page\"><span property=\"name\">Media<\/span><\/a><meta property=\"position\" content=\"2\"><\/span>                                                    <\/div>\r\n                                            <\/div>\r\n                <\/div>\r\n            <\/div>\r\n        <\/div>\r\n\r\n                    <svg width=\"100%\" height=\"auto\" viewbox=\"0 0 1920 112\" fill=\"none\" xmlns=\"http:\/\/www.w3.org\/2000\/svg\">\r\n                <path fill-rule=\"evenodd\" clip-rule=\"evenodd\" d=\"M-25 78.5538C54.976 57.1913 210.557 19.935 418.678 6.49197C625.752 -6.88342 779.412 -0.226807 1012.62 32.4027C1028.74 34.6591 1045.08 36.7265 1061.55 38.5848L1185.81 52.6091C1513.76 89.7257 1705.24 84.4814 1803.58 78.1299C1878.96 73.2608 1984.37 63.8619 2078 42.9146V112H-25V78.5538Z\" fill=\"white\" \/>\r\n            <\/svg>\r\n            <\/section>\r\n            <section class=\"acqua-breadcrumb-title-bar\">\r\n            <div class=\"container\">\r\n                <div class=\"row\">\r\n                    <div class=\"col-sm-12 col-md-12 col-lg-12 col-xl-12 col-xxl-12\">\r\n                        <div class=\"breadcrumb-wrapper\">\r\n                            <div class=\"page-title-wrapper\">\r\n                                <div class=\"element-hidden\">\r\n                                    <h2 class=\"page-title wow animate__animated animate__fadeInUp\" data-wow-duration=\"1s\">\r\n                                        bilanci e sostenibilit\u00e0                                    <\/h2>\r\n                                <\/div>\r\n                                <div class=\"page-subtitle wow animate__animated animate__fadeInUp\" data-wow-duration=\"1s\">\r\n                                                                    <\/div>\r\n                            <\/div>\r\n                        <\/div>\r\n                    <\/div>\r\n                <\/div>\r\n            <\/div>\r\n        <\/section>\r\n    \n\n\r\n            <section class=\"image-text style-9\">\r\n            <div class=\"container\">\r\n                <div class=\"row\">\r\n                    <div class=\"col-sm-12 col-md-12 col-lg-6 col-xl-6 col-xxl-6\">\r\n                        <div class=\"content-wrapper\">\r\n                            <div class=\"content-wrap\">\r\n                                <div class=\"element-hidden title-wrapper\">\r\n                                    <div class=\"main-title wow animate__animated animate__fadeInUp\" data-wow-duration=\"1s\">Bilancio d\u2019Esercizio 2024<\/div>\r\n                                <\/div>\r\n                                <div class=\"description wow animate__animated animate__fadeInUp\" data-wow-duration=\"1s\">\r\n                                    <p>Como Acqua, annualmente e ai sensi della legge, predispone il proprio Bilancio d\u2019Esercizio: un documento con il quale la Societ\u00e0 scatta \u201cun\u2019istantanea\u201d della propria situazione patrimoniale, finanziaria e il risultato economico conseguito alla fine dell\u2019esercizio stesso, allo scopo di fornire agli stakeholder informazioni sull&#8217;andamento dell&#8217;azienda, e contestualmente assolvere agli obblighi contabili e fiscali.<\/p>\n<p>Consulta il fascicolo di Bilancio d&#8217;Esercizio:<\/p>\n                                <\/div>\r\n                                <div class=\"download-wrapper\">\r\n                                                                                                                        <div class=\"download-item wow animate__animated animate__fadeInUp\" data-wow-duration=\"1s\">\r\n                                                <div class=\"file-name\">BILANCIO d\u2019esercizio 2024<\/div>\r\n                                                                                                                                                                                                    <a href=\"https:\/\/comoacqua.portaletrasparenza.net\/download\/bilanci\/15\/6808c256bc8fd1.78330791.pdf\" target=\"_self\" class=\"btn-download\"><\/a>\r\n                                                                                            <\/div>\r\n                                                                                                            <\/div>\r\n                            <\/div>\r\n                        <\/div>\r\n                    <\/div>\r\n                    <div class=\"col-sm-12 col-md-12 col-lg-6 col-xl-6 col-xxl-6\">\r\n                        <div class=\"image-container\">\r\n                            <div class=\"img-wrapper wow animate__animated animate__fadeIn\" data-wow-duration=\"1s\">\r\n                                                                                                    <img decoding=\"async\" src=\"https:\/\/comoacqua.it\/wp-content\/uploads\/2025\/06\/img-15.jpg\" alt=\"\" \/>\r\n                                                            <\/div>\r\n                        <\/div>\r\n                    <\/div>\r\n                <\/div>\r\n            <\/div>\r\n        <\/section>\r\n    \n\n\r\n            <section class=\"image-text style-10\">\r\n            <div class=\"container\">\r\n                <div class=\"row\">\r\n                    <div class=\"col-sm-12 col-md-12 col-lg-6 col-xl-6 col-xxl-6\">\r\n                        <div class=\"image-container\">\r\n                            <div class=\"img-wrapper wow animate__animated animate__fadeIn\" data-wow-duration=\"1s\">\r\n                                                                                                    <img decoding=\"async\" src=\"https:\/\/comoacqua.it\/wp-content\/uploads\/2025\/06\/img-16.jpg\" alt=\"\" \/>\r\n                                                            <\/div>\r\n                        <\/div>\r\n                    <\/div>\r\n                    <div class=\"col-sm-12 col-md-12 col-lg-6 col-xl-6 col-xxl-6\">\r\n                        <div class=\"content-wrapper\">\r\n                            <div class=\"content-wrap\">\r\n                                <div class=\"element-hidden title-wrapper\">\r\n                                    <div class=\"main-title wow animate__animated animate__fadeInUp\" data-wow-duration=\"1s\">Bilancio di Sostenibilit\u00e0 2024<\/div>\r\n                                <\/div>\r\n                                <div class=\"description wow animate__animated animate__fadeInUp\" data-wow-duration=\"1s\">\r\n                                    <p>Operare nel rispetto dei principi di sostenibilit\u00e0, etica, integrit\u00e0 \u00e8 parte integrante della mission della Societ\u00e0, ma questo non basta. Risulta indispensabile assicurare una comunicazione trasparente ed efficace con tutti gli stakeholders, per costruire e alimentare \u2013 di giorno in giorno \u2013 un dialogo basato sulla responsabilit\u00e0 e sulla condivisione delle informazioni.\u00a0 A partire dal 2021, Como Acqua ha deciso di intraprendere volontariamente un percorso per rendicontare \u2013 in modo dettagliato \u2013 gli impatti ambientali, economici e sociali delle proprie attivit\u00e0.<\/p>\n<p>Consulta il fascicolo di Bilancio di Sostenibilit\u00e0:<\/p>\n                                <\/div>\r\n                                <div class=\"download-wrapper wow animate__animated animate__fadeInUp\" data-wow-duration=\"1s\">\r\n                                                                                                                        <div class=\"download-item\">\r\n                                                <div class=\"file-name\">BILANCIO DI SOSTENIBILIT\u00e0 2024<\/div>\r\n                                                                                                                                                                                                    <a href=\"https:\/\/comoacqua.portaletrasparenza.net\/download\/bilanci\/15\/6874f640b1a1a2.53828525.pdf\" target=\"_self\" class=\"btn-download\"><\/a>\r\n                                                                                            <\/div>\r\n                                                                                                            <\/div>\r\n                            <\/div>\r\n                        <\/div>\r\n                    <\/div>\r\n                <\/div>\r\n            <\/div>\r\n        <\/section>\r\n    \n\n\r\n    <section class=\"file-download\">\r\n        <div class=\"container\">\r\n            <div class=\"row\">\r\n                <div class=\"col-sm-12 col-md-12 col-lg-12 col-xl-2 col-xxl-2\"> <\/div>\r\n                <div class=\"col-sm-12 col-md-12 col-lg-12 col-xl-8 col-xxl-8\">\r\n                    <div class=\"title-wrapper\">\r\n                                                    <div class=\"element-hidden\">\r\n                                <div class=\"main-title wow animate__animated animate__fadeInUp\" data-wow-duration=\"1s\">Previous years<\/div>\r\n                            <\/div>\r\n                                                                            <div class=\"subtitle wow animate__animated animate__fadeInUp\" data-wow-duration=\"1s\">Qui puoi trovare l&#8217;archivio completo dei Bilanci d\u2019Esercizio e Bilanci di Sostenibilit\u00e0 di Como Acqua<\/div>\r\n                                            <\/div>\r\n                                            <div class=\"downloads-list\">\r\n                                                            <div class=\"download-item wow animate__animated animate__fadeIn\" data-wow-duration=\"1s\" data-wow-delay=\"0.1s\">\r\n                                    <div class=\"file-name\">BILANCIO D&#8217;ESERCIZIO 2023<\/div>\r\n                                                                                                                <a href=\"https:\/\/comoacqua.portaletrasparenza.net\/download\/bilanci\/12\/o_1hrgiq2ee1gkp18g1h501praqgeg.pdf\" class=\"btn-download\" type=\"download\" download=\"\">\r\n                                            <!--Download-->\r\n                                            <\/a>\r\n                                                                    <\/div>\r\n                                                            <div class=\"download-item wow animate__animated animate__fadeIn\" data-wow-duration=\"1s\" data-wow-delay=\"0.2s\">\r\n                                    <div class=\"file-name\">BILANCIO DI SOSTENIBILIT\u00e0 2023<\/div>\r\n                                                                                                                <a href=\"https:\/\/comoacqua.portaletrasparenza.net\/download\/bilanci\/12\/o_1hrgirfef1adg199qnp05evq.pdf\" class=\"btn-download\" type=\"download\" download=\"\">\r\n                                            <!--Download-->\r\n                                            <\/a>\r\n                                                                    <\/div>\r\n                                                            <div class=\"download-item wow animate__animated animate__fadeIn\" data-wow-duration=\"1s\" data-wow-delay=\"0.3s\">\r\n                                    <div class=\"file-name\">BILANCIO D&#8217;ESERCIZIO 2022<\/div>\r\n                                                                                                                <a href=\"https:\/\/comoacqua.portaletrasparenza.net\/download\/bilanci\/10\/o_1h1oe31sj10kvlmu5c72ndemog.pdf\" class=\"btn-download\" type=\"download\" download=\"\">\r\n                                            <!--Download-->\r\n                                            <\/a>\r\n                                                                    <\/div>\r\n                                                            <div class=\"download-item wow animate__animated animate__fadeIn\" data-wow-duration=\"1s\" data-wow-delay=\"0.4s\">\r\n                                    <div class=\"file-name\">BILANCIO DI SOSTENIBILIT\u00e0 2022<\/div>\r\n                                                                                                                <a href=\"https:\/\/comoacqua.portaletrasparenza.net\/download\/bilanci\/10\/o_1h1p0ebd41om1r1iqlv18p5136lg.pdf\" class=\"btn-download\" type=\"download\" download=\"\">\r\n                                            <!--Download-->\r\n                                            <\/a>\r\n                                                                    <\/div>\r\n                                                            <div class=\"download-item wow animate__animated animate__fadeIn\" data-wow-duration=\"1s\" data-wow-delay=\"0.5s\">\r\n                                    <div class=\"file-name\">BILANCIO D&#8217;ESERCIZIO 2021<\/div>\r\n                                                                                                                <a href=\"https:\/\/comoacqua.portaletrasparenza.net\/download\/bilanci\/9\/o_1hrgpa5v7reji4kgaufsf1d41g.pdf\" class=\"btn-download\" type=\"download\" download=\"\">\r\n                                            <!--Download-->\r\n                                            <\/a>\r\n                                                                    <\/div>\r\n                                                            <div class=\"download-item wow animate__animated animate__fadeIn\" data-wow-duration=\"1s\" data-wow-delay=\"0.6s\">\r\n                                    <div class=\"file-name\">BILANCIO DI SOSTENIBILIT\u00e0 2021<\/div>\r\n                                                                                                                <a href=\"https:\/\/comoacqua.portaletrasparenza.net\/download\/bilanci\/9\/o_1gg7ddqj318va1tknnmkd1ibiag.pdf\" class=\"btn-download\" type=\"download\" download=\"\">\r\n                                            <!--Download-->\r\n                                            <\/a>\r\n                                                                    <\/div>\r\n                                                            <div class=\"download-item wow animate__animated animate__fadeIn\" data-wow-duration=\"1s\" data-wow-delay=\"0.7s\">\r\n                                    <div class=\"file-name\">BILANCIO D&#8217;ESERCIZIO 2020<\/div>\r\n                                                                                                                <a href=\"https:\/\/comoacqua.portaletrasparenza.net\/download\/bilanci\/7\/p1f50tj8ngbi518om1qaq1glq13m23.pdf\" class=\"btn-download\" type=\"download\" download=\"\">\r\n                                            <!--Download-->\r\n                                            <\/a>\r\n                                                                    <\/div>\r\n                                                    <\/div>\r\n                                    <\/div>\r\n                <div class=\"col-sm-12 col-md-12 col-lg-12 col-xl-2 col-xxl-2\"> <\/div>\r\n            <\/div>\r\n        <\/div>\r\n    <\/section>","protected":false},"excerpt":{"rendered":"","protected":false},"author":1,"featured_media":0,"parent":0,"menu_order":0,"comment_status":"closed","ping_status":"closed","template":"","meta":{"_acf_changed":false,"footnotes":""},"class_list":["post-404","page","type-page","status-publish","hentry","entry"],"acf":[],"yoast_head":"<!-- This site is optimized with the Yoast SEO plugin v27.4 - https:\/\/yoast.com\/product\/yoast-seo-wordpress\/ -->\n<title>Bilanci | ComoAcqua<\/title>\n<meta name=\"robots\" content=\"index, follow, max-snippet:-1, max-image-preview:large, max-video-preview:-1\" \/>\n<link rel=\"canonical\" href=\"https:\/\/comoacqua.it\/en\/budgets\/\" \/>\n<meta property=\"og:locale\" content=\"en_US\" \/>\n<meta property=\"og:type\" content=\"article\" \/>\n<meta property=\"og:title\" content=\"Bilanci | ComoAcqua\" \/>\n<meta property=\"og:url\" content=\"https:\/\/comoacqua.it\/en\/budgets\/\" \/>\n<meta property=\"og:site_name\" content=\"ComoAcqua\" \/>\n<meta property=\"article:publisher\" content=\"https:\/\/www.facebook.com\/ComoAcquaSrl\" \/>\n<meta property=\"article:modified_time\" content=\"2025-08-05T13:59:34+00:00\" \/>\n<meta property=\"og:image\" content=\"https:\/\/comoacqua.it\/wp-content\/uploads\/2025\/07\/OG-image_1200x630-1.png\" \/>\n\t<meta property=\"og:image:width\" content=\"1200\" \/>\n\t<meta property=\"og:image:height\" content=\"630\" \/>\n\t<meta property=\"og:image:type\" content=\"image\/png\" \/>\n<meta name=\"twitter:card\" content=\"summary_large_image\" \/>\n<script type=\"application\/ld+json\" class=\"yoast-schema-graph\">{\"@context\":\"https:\\\/\\\/schema.org\",\"@graph\":[{\"@type\":\"WebPage\",\"@id\":\"https:\\\/\\\/comoacqua.it\\\/bilanci\\\/\",\"url\":\"https:\\\/\\\/comoacqua.it\\\/bilanci\\\/\",\"name\":\"Bilanci | ComoAcqua\",\"isPartOf\":{\"@id\":\"https:\\\/\\\/comoacqua.it\\\/#website\"},\"datePublished\":\"2025-06-15T21:11:01+00:00\",\"dateModified\":\"2025-08-05T13:59:34+00:00\",\"breadcrumb\":{\"@id\":\"https:\\\/\\\/comoacqua.it\\\/bilanci\\\/#breadcrumb\"},\"inLanguage\":\"en-US\",\"potentialAction\":[{\"@type\":\"ReadAction\",\"target\":[\"https:\\\/\\\/comoacqua.it\\\/bilanci\\\/\"]}]},{\"@type\":\"BreadcrumbList\",\"@id\":\"https:\\\/\\\/comoacqua.it\\\/bilanci\\\/#breadcrumb\",\"itemListElement\":[{\"@type\":\"ListItem\",\"position\":1,\"name\":\"Home\",\"item\":\"https:\\\/\\\/comoacqua.it\\\/\"},{\"@type\":\"ListItem\",\"position\":2,\"name\":\"Bilanci\"}]},{\"@type\":\"WebSite\",\"@id\":\"https:\\\/\\\/comoacqua.it\\\/#website\",\"url\":\"https:\\\/\\\/comoacqua.it\\\/\",\"name\":\"Como Acqua\",\"description\":\"\",\"publisher\":{\"@id\":\"https:\\\/\\\/comoacqua.it\\\/#organization\"},\"potentialAction\":[{\"@type\":\"SearchAction\",\"target\":{\"@type\":\"EntryPoint\",\"urlTemplate\":\"https:\\\/\\\/comoacqua.it\\\/?s={search_term_string}\"},\"query-input\":{\"@type\":\"PropertyValueSpecification\",\"valueRequired\":true,\"valueName\":\"search_term_string\"}}],\"inLanguage\":\"en-US\"},{\"@type\":\"Organization\",\"@id\":\"https:\\\/\\\/comoacqua.it\\\/#organization\",\"name\":\"Como Acqua\",\"url\":\"https:\\\/\\\/comoacqua.it\\\/\",\"logo\":{\"@type\":\"ImageObject\",\"inLanguage\":\"en-US\",\"@id\":\"https:\\\/\\\/comoacqua.it\\\/#\\\/schema\\\/logo\\\/image\\\/\",\"url\":\"https:\\\/\\\/comoacqua.it\\\/wp-content\\\/uploads\\\/2025\\\/06\\\/favicon_como_acqua.png\",\"contentUrl\":\"https:\\\/\\\/comoacqua.it\\\/wp-content\\\/uploads\\\/2025\\\/06\\\/favicon_como_acqua.png\",\"width\":500,\"height\":500,\"caption\":\"Como Acqua\"},\"image\":{\"@id\":\"https:\\\/\\\/comoacqua.it\\\/#\\\/schema\\\/logo\\\/image\\\/\"},\"sameAs\":[\"https:\\\/\\\/www.facebook.com\\\/ComoAcquaSrl\",\"https:\\\/\\\/www.instagram.com\\\/comoacqua\\\/\",\"https:\\\/\\\/www.linkedin.com\\\/company\\\/como-acqua-srl\\\/\",\"https:\\\/\\\/www.youtube.com\\\/channel\\\/UC4_J4Hda70rY_REO8K5Ec8g\"]}]}<\/script>\n<!-- \/ Yoast SEO plugin. -->","yoast_head_json":{"title":"Budgets | ComoAcqua","robots":{"index":"index","follow":"follow","max-snippet":"max-snippet:-1","max-image-preview":"max-image-preview:large","max-video-preview":"max-video-preview:-1"},"canonical":"https:\/\/comoacqua.it\/en\/budgets\/","og_locale":"en_US","og_type":"article","og_title":"Bilanci | ComoAcqua","og_url":"https:\/\/comoacqua.it\/en\/budgets\/","og_site_name":"ComoAcqua","article_publisher":"https:\/\/www.facebook.com\/ComoAcquaSrl","article_modified_time":"2025-08-05T13:59:34+00:00","og_image":[{"width":1200,"height":630,"url":"https:\/\/comoacqua.it\/wp-content\/uploads\/2025\/07\/OG-image_1200x630-1.png","type":"image\/png"}],"twitter_card":"summary_large_image","schema":{"@context":"https:\/\/schema.org","@graph":[{"@type":"WebPage","@id":"https:\/\/comoacqua.it\/bilanci\/","url":"https:\/\/comoacqua.it\/bilanci\/","name":"Budgets | ComoAcqua","isPartOf":{"@id":"https:\/\/comoacqua.it\/#website"},"datePublished":"2025-06-15T21:11:01+00:00","dateModified":"2025-08-05T13:59:34+00:00","breadcrumb":{"@id":"https:\/\/comoacqua.it\/bilanci\/#breadcrumb"},"inLanguage":"en-US","potentialAction":[{"@type":"ReadAction","target":["https:\/\/comoacqua.it\/bilanci\/"]}]},{"@type":"BreadcrumbList","@id":"https:\/\/comoacqua.it\/bilanci\/#breadcrumb","itemListElement":[{"@type":"ListItem","position":1,"name":"Home","item":"https:\/\/comoacqua.it\/"},{"@type":"ListItem","position":2,"name":"Bilanci"}]},{"@type":"WebSite","@id":"https:\/\/comoacqua.it\/#website","url":"https:\/\/comoacqua.it\/","name":"Como Water","description":"","publisher":{"@id":"https:\/\/comoacqua.it\/#organization"},"potentialAction":[{"@type":"SearchAction","target":{"@type":"EntryPoint","urlTemplate":"https:\/\/comoacqua.it\/?s={search_term_string}"},"query-input":{"@type":"PropertyValueSpecification","valueRequired":true,"valueName":"search_term_string"}}],"inLanguage":"en-US"},{"@type":"Organization","@id":"https:\/\/comoacqua.it\/#organization","name":"Como Water","url":"https:\/\/comoacqua.it\/","logo":{"@type":"ImageObject","inLanguage":"en-US","@id":"https:\/\/comoacqua.it\/#\/schema\/logo\/image\/","url":"https:\/\/comoacqua.it\/wp-content\/uploads\/2025\/06\/favicon_como_acqua.png","contentUrl":"https:\/\/comoacqua.it\/wp-content\/uploads\/2025\/06\/favicon_como_acqua.png","width":500,"height":500,"caption":"Como Acqua"},"image":{"@id":"https:\/\/comoacqua.it\/#\/schema\/logo\/image\/"},"sameAs":["https:\/\/www.facebook.com\/ComoAcquaSrl","https:\/\/www.instagram.com\/comoacqua\/","https:\/\/www.linkedin.com\/company\/como-acqua-srl\/","https:\/\/www.youtube.com\/channel\/UC4_J4Hda70rY_REO8K5Ec8g"]}]}},"_links":{"self":[{"href":"https:\/\/comoacqua.it\/en\/wp-json\/wp\/v2\/pages\/404","targetHints":{"allow":["GET"]}}],"collection":[{"href":"https:\/\/comoacqua.it\/en\/wp-json\/wp\/v2\/pages"}],"about":[{"href":"https:\/\/comoacqua.it\/en\/wp-json\/wp\/v2\/types\/page"}],"author":[{"embeddable":true,"href":"https:\/\/comoacqua.it\/en\/wp-json\/wp\/v2\/users\/1"}],"replies":[{"embeddable":true,"href":"https:\/\/comoacqua.it\/en\/wp-json\/wp\/v2\/comments?post=404"}],"version-history":[{"count":1,"href":"https:\/\/comoacqua.it\/en\/wp-json\/wp\/v2\/pages\/404\/revisions"}],"predecessor-version":[{"id":19638,"href":"https:\/\/comoacqua.it\/en\/wp-json\/wp\/v2\/pages\/404\/revisions\/19638"}],"wp:attachment":[{"href":"https:\/\/comoacqua.it\/en\/wp-json\/wp\/v2\/media?parent=404"}],"curies":[{"name":"wp","href":"https:\/\/api.w.org\/{rel}","templated":true}]}}